{"id":988,"date":"2024-02-03T18:25:22","date_gmt":"2024-02-03T18:25:22","guid":{"rendered":"https:\/\/wints24.de\/contact\/"},"modified":"2025-01-09T19:20:12","modified_gmt":"2025-01-09T19:20:12","slug":"contact","status":"publish","type":"page","link":"https:\/\/www.wints24.de\/tr\/contact\/","title":{"rendered":"\u0130leti\u015fim"},"content":{"rendered":"\n\n\t<section class=\"section dark\" id=\"section_1979672329\">\n\t\t<div class=\"section-bg fill\" >\n\t\t\t<img loading=\"lazy\" decoding=\"async\" width=\"1903\" height=\"611\" src=\"https:\/\/www.wints24.de\/wp-content\/uploads\/2024\/01\/banner2.jpg\" class=\"bg attachment- size-\" alt=\"\" \/>\t\t\t\t\t\t<div class=\"section-bg-overlay absolute fill\"><\/div>\n\t\t\t\n\n\t\t<\/div>\n\n\t\t\n\n\t\t<div class=\"section-content relative\">\n\t\t\t\n\n<div class=\"row\"  id=\"row-1687754948\">\n\n\n\t<div id=\"col-818389646\" class=\"col small-12 large-12\"  >\n\t\t\t\t<div class=\"col-inner text-center\"  >\n\t\t\t\n\t\t\t\n\n<h2 style=\"font-size:200%;\">\u0130leti\u015fime Ge\u00e7in<\/h2>\n<p>\u0130leti\u015fime ge\u00e7mek ister misiniz? Sizden haber almak bizi mutlu eder. Bize nas\u0131l ula\u015fabilece\u011finizi i\u015fte burada bulabilirsiniz&#8230;<\/p>\n\n\t\t<\/div>\n\t\t\t\t\n<style>\n#col-818389646 > .col-inner {\n  padding: 20px 0px 0px 0px;\n}\n<\/style>\n\t<\/div>\n\n\t\n\n<\/div>\n\n\t\t<\/div>\n\n\t\t\n<style>\n#section_1979672329 {\n  padding-top: 140px;\n  padding-bottom: 140px;\n  background-color: rgb(40, 40, 40);\n}\n#section_1979672329 .section-bg-overlay {\n  background-color: rgba(0, 0, 0, 0.3);\n}\n#section_1979672329 .section-bg img {\n  object-position: 48% 50%;\n}\n<\/style>\n\t<\/section>\n\t\n\n\t<section class=\"section\" id=\"section_1608235744\">\n\t\t<div class=\"section-bg fill\" >\n\t\t\t\t\t\t\t\t\t\n\t\t\t\n\n\t\t<\/div>\n\n\t\t\n\n\t\t<div class=\"section-content relative\">\n\t\t\t\n\n<div class=\"row\"  id=\"row-262371516\">\n\n\n\t<div id=\"col-1852156486\" class=\"col small-12 large-12\"  >\n\t\t\t\t<div class=\"col-inner\"  >\n\t\t\t\n\t\t\t\n\n<div class=\"row align-equal\"  id=\"row-1789795658\">\n\n\n\t<div id=\"col-14235364\" class=\"col medium-6 small-12 large-6\"  >\n\t\t\t\t<div class=\"col-inner text-center\"  >\n\t\t\t\n\t\t\t\n\n\n\t\t<div class=\"icon-box featured-box icon-box-center text-center\"  >\n\t\t\t\t\t<div class=\"icon-box-img\" style=\"width: 60px\">\n\t\t\t\t<div class=\"icon\">\n\t\t\t\t\t<div class=\"icon-inner\" >\n\t\t\t\t\t\t<img loading=\"lazy\" decoding=\"async\" width=\"300\" height=\"300\" src=\"https:\/\/www.wints24.de\/wp-content\/uploads\/2024\/02\/blueprint-1-300x300.png\" class=\"attachment-medium size-medium\" alt=\"\" srcset=\"https:\/\/www.wints24.de\/wp-content\/uploads\/2024\/02\/blueprint-1-300x300.png 300w, https:\/\/www.wints24.de\/wp-content\/uploads\/2024\/02\/blueprint-1-150x150.png 150w, https:\/\/www.wints24.de\/wp-content\/uploads\/2024\/02\/blueprint-1.png 512w\" sizes=\"auto, (max-width: 300px) 100vw, 300px\" \/>\t\t\t\t\t<\/div>\n\t\t\t\t<\/div>\n\t\t\t<\/div>\n\t\t\t\t<div class=\"icon-box-text last-reset\">\n\t\t\t\t\t\t\t\t\t\n\n<h4>Bizi Aray\u0131n<\/h4>\n<p>Daha fazla yard\u0131m i\u00e7in bizimle ileti\u015fime ge\u00e7in.<\/p>\n\t<div id=\"gap-1219324477\" class=\"gap-element clearfix\" style=\"display:block; height:auto;\">\n\t\t\n<style>\n#gap-1219324477 {\n  padding-top: 20px;\n}\n<\/style>\n\t<\/div>\n\t\n\n<a href=\"tel:015734516758\" class=\"button secondary is-bevel box-shadow-4 box-shadow-5-hover\" >\n\t\t<span>0179 590 97 61<\/span>\n\t<\/a>\n\n\n\n\t\t<\/div>\n\t<\/div>\n\t\n\t\n\n\t\t<\/div>\n\t\t\t\t\t<\/div>\n\n\t\n\n\t<div id=\"col-2040834636\" class=\"col medium-6 small-12 large-6\"  >\n\t\t\t\t<div class=\"col-inner text-center\"  >\n\t\t\t\n\t\t\t\n\n\n\t\t<div class=\"icon-box featured-box icon-box-center text-center\"  >\n\t\t\t\t\t<div class=\"icon-box-img\" style=\"width: 60px\">\n\t\t\t\t<div class=\"icon\">\n\t\t\t\t\t<div class=\"icon-inner\" >\n\t\t\t\t\t\t<img loading=\"lazy\" decoding=\"async\" width=\"300\" height=\"300\" src=\"https:\/\/www.wints24.de\/wp-content\/uploads\/2024\/02\/pantone-300x300.png\" class=\"attachment-medium size-medium\" alt=\"\" srcset=\"https:\/\/www.wints24.de\/wp-content\/uploads\/2024\/02\/pantone-300x300.png 300w, https:\/\/www.wints24.de\/wp-content\/uploads\/2024\/02\/pantone-150x150.png 150w, https:\/\/www.wints24.de\/wp-content\/uploads\/2024\/02\/pantone.png 512w\" sizes=\"auto, (max-width: 300px) 100vw, 300px\" \/>\t\t\t\t\t<\/div>\n\t\t\t\t<\/div>\n\t\t\t<\/div>\n\t\t\t\t<div class=\"icon-box-text last-reset\">\n\t\t\t\t\t\t\t\t\t\n\n<h4>E-Posta<\/h4>\n<p>\u0130stedi\u011finiz konular hakk\u0131nda bizi e-posta yoluyla bilgilendirin.<\/p>\n\t<div id=\"gap-1727523519\" class=\"gap-element clearfix\" style=\"display:block; height:auto;\">\n\t\t\n<style>\n#gap-1727523519 {\n  padding-top: 20px;\n}\n<\/style>\n\t<\/div>\n\t\n\n\n\t\t<\/div>\n\t<\/div>\n\t\n\t\n<a href=\"mailto:info@wints24.de\" class=\"button secondary is-bevel box-shadow-4 box-shadow-5-hover lowercase\" >\n\t\t<span>info@wints24.de<\/span>\n\t<\/a>\n\n\n\n\t\t<\/div>\n\t\t\t\t\t<\/div>\n\n\t\n\n\t<div id=\"col-105490064\" class=\"col small-12 large-12\"  >\n\t\t\t\t<div class=\"col-inner text-center\" style=\"background-color:rgb(255,255,255);\" >\n\t\t\t\n\t\t\t\n\n<h3>Sorular\u0131n\u0131z\u0131 yan\u0131tlamak i\u00e7in sab\u0131rs\u0131zlan\u0131yoruz<\/h3>\n<div class=\"is-divider divider clearfix\" ><\/div>\n\n<div class=\"row align-center\"  id=\"row-1679608606\">\n\n\n\t<div id=\"col-1293519977\" class=\"col medium-11 small-12 large-9\"  >\n\t\t\t\t<div class=\"col-inner text-left\"  >\n\t\t\t\n\t\t\t\n\n\n<div class=\"wpcf7 no-js\" id=\"wpcf7-f986-o1\" lang=\"tr-TR\" dir=\"ltr\" data-wpcf7-id=\"986\">\n<div class=\"screen-reader-response\"><p role=\"status\" aria-live=\"polite\" aria-atomic=\"true\"><\/p> <ul><\/ul><\/div>\n<form action=\"\/tr\/wp-json\/wp\/v2\/pages\/988#wpcf7-f986-o1\" method=\"post\" class=\"wpcf7-form init\" aria-label=\"\u0130leti\u015fim Formu\" novalidate=\"novalidate\" data-status=\"init\">\n<fieldset class=\"hidden-fields-container\"><input type=\"hidden\" name=\"_wpcf7\" value=\"986\" \/><input type=\"hidden\" name=\"_wpcf7_version\" value=\"6.1.5\" \/><input type=\"hidden\" name=\"_wpcf7_locale\" value=\"tr_TR\" \/><input type=\"hidden\" name=\"_wpcf7_unit_tag\" value=\"wpcf7-f986-o1\" \/><input type=\"hidden\" name=\"_wpcf7_container_post\" value=\"0\" \/><input type=\"hidden\" name=\"_wpcf7_posted_data_hash\" value=\"\" \/><input type=\"hidden\" name=\"_wpcf7_recaptcha_response\" value=\"\" \/>\n<\/fieldset>\n<p><label> Ad\u0131n\u0131z<br \/>\n<span class=\"wpcf7-form-control-wrap\" data-name=\"your-name\"><input size=\"40\" maxlength=\"400\" class=\"wpcf7-form-control wpcf7-text wpcf7-validates-as-required\" autocomplete=\"name\" aria-required=\"true\" aria-invalid=\"false\" value=\"\" type=\"text\" name=\"your-name\" \/><\/span> <\/label>\n<\/p>\n<p><label> Email Adresi<br \/>\n<span class=\"wpcf7-form-control-wrap\" data-name=\"your-email\"><input size=\"40\" maxlength=\"400\" class=\"wpcf7-form-control wpcf7-email wpcf7-validates-as-required wpcf7-text wpcf7-validates-as-email\" autocomplete=\"email\" aria-required=\"true\" aria-invalid=\"false\" value=\"\" type=\"email\" name=\"your-email\" \/><\/span> <\/label>\n<\/p>\n<p><label> Telefon Numaran\u0131z<br \/>\n<span class=\"wpcf7-form-control-wrap\" data-name=\"phone-tr\"><input size=\"40\" maxlength=\"400\" class=\"wpcf7-form-control wpcf7-tel wpcf7-validates-as-required wpcf7-text wpcf7-validates-as-tel\" aria-required=\"true\" aria-invalid=\"false\" value=\"\" type=\"tel\" name=\"phone-tr\" \/><\/span> <\/label>\n<\/p>\n<p><label> Konu<br \/>\n<span class=\"wpcf7-form-control-wrap\" data-name=\"your-subject\"><input size=\"40\" maxlength=\"400\" class=\"wpcf7-form-control wpcf7-text wpcf7-validates-as-required\" aria-required=\"true\" aria-invalid=\"false\" value=\"\" type=\"text\" name=\"your-subject\" \/><\/span> <\/label>\n<\/p>\n<p><label> Mesaj\u0131n\u0131z (iste\u011fe ba\u011fl\u0131)<br \/>\n<span class=\"wpcf7-form-control-wrap\" data-name=\"your-message\"><textarea cols=\"40\" rows=\"10\" maxlength=\"2000\" class=\"wpcf7-form-control wpcf7-textarea\" aria-invalid=\"false\" name=\"your-message\"><\/textarea><\/span> <\/label>\n<\/p>\n<p><input class=\"wpcf7-form-control wpcf7-submit has-spinner\" type=\"submit\" value=\"G\u00f6nder\" \/>\n<\/p><div class=\"wpcf7-response-output\" aria-hidden=\"true\"><\/div>\n<\/form>\n<\/div>\n\n\n\n\t\t<\/div>\n\t\t\t\t\t<\/div>\n\n\t\n\n<\/div>\n\n\t\t<\/div>\n\t\t\t\t\t<\/div>\n\n\t\n\n\n<style>\n#row-1789795658 > .col > .col-inner {\n  padding: 40px 40px 40px 40px;\n  background-color: rgb(255,255,255);\n}\n<\/style>\n<\/div>\n\n\t\t<\/div>\n\t\t\t\t\n<style>\n#col-1852156486 > .col-inner {\n  margin: -100px 0px 0px 0px;\n}\n<\/style>\n\t<\/div>\n\n\t\n\n<\/div>\n<div class=\"row\"  id=\"row-774941121\">\n\n\n\t<div id=\"col-2118012602\" class=\"col small-12 large-12\"  >\n\t\t\t\t<div class=\"col-inner text-center\"  >\n\t\t\t\n\t\t\t\n\n<div class=\"social-icons follow-icons\" ><a href=\"https:\/\/www.facebook.com\/profile.php?id=100090394972071\" target=\"_blank\" data-label=\"Facebook\" class=\"icon primary button circle tooltip facebook\" title=\"Facebook&amp;apos; ta takip et\" aria-label=\"Facebook&amp;apos; ta takip et\" rel=\"noopener nofollow\"><i class=\"icon-facebook\" aria-hidden=\"true\"><\/i><\/a><a href=\"https:\/\/www.instagram.com\/reel\/Cw8UC52tXN7\/?igsh=MTk4ejV5bGxhMnJtOA\" target=\"_blank\" data-label=\"Instagram\" class=\"icon primary button circle tooltip instagram\" title=\"Instagram&amp;apos; da takip et\" aria-label=\"Instagram&amp;apos; da takip et\" rel=\"noopener nofollow\"><i class=\"icon-instagram\" aria-hidden=\"true\"><\/i><\/a><a href=\"https:\/\/www.youtube.com\/@Wints24\" data-label=\"YouTube\" target=\"_blank\" class=\"icon primary button circle tooltip youtube\" title=\"YouTube&amp;apos; da takip et\" aria-label=\"YouTube&amp;apos; da takip et\" rel=\"noopener nofollow\"><i class=\"icon-youtube\" aria-hidden=\"true\"><\/i><\/a><\/div>\n\n\n\t\t<\/div>\n\t\t\t\t\t<\/div>\n\n\t\n\n<\/div>\n\n\t\t<\/div>\n\n\t\t\n<style>\n#section_1608235744 {\n  padding-top: 30px;\n  padding-bottom: 30px;\n}\n<\/style>\n\t<\/section>\n\t\n\n","protected":false},"excerpt":{"rendered":"","protected":false},"author":1,"featured_media":0,"parent":0,"menu_order":0,"comment_status":"closed","ping_status":"closed","template":"page-blank.php","meta":{"_eb_attr":"","footnotes":""},"class_list":["post-988","page","type-page","status-publish","hentry"],"yoast_head":"<!-- This site is optimized with the Yoast SEO plugin v27.5 - https:\/\/yoast.com\/product\/yoast-seo-wordpress\/ -->\n<title>\u0130leti\u015fim - Wints24<\/title>\n<meta name=\"robots\" content=\"index, follow, max-snippet:-1, max-image-preview:large, max-video-preview:-1\" \/>\n<link rel=\"canonical\" href=\"https:\/\/www.wints24.de\/tr\/contact\/\" \/>\n<meta property=\"og:locale\" content=\"tr_TR\" \/>\n<meta property=\"og:type\" content=\"article\" \/>\n<meta property=\"og:title\" content=\"\u0130leti\u015fim - Wints24\" \/>\n<meta property=\"og:url\" content=\"https:\/\/www.wints24.de\/tr\/contact\/\" \/>\n<meta property=\"og:site_name\" content=\"Wints24\" \/>\n<meta property=\"article:publisher\" content=\"https:\/\/www.facebook.com\/profile.php?id=100090394972071\" \/>\n<meta property=\"article:modified_time\" content=\"2025-01-09T19:20:12+00:00\" \/>\n<meta property=\"og:image\" content=\"https:\/\/www.wints24.de\/wp-content\/uploads\/2025\/01\/Ekran-Resmi-2025-01-12-10.01.47-1024x483.png\" \/>\n\t<meta property=\"og:image:width\" content=\"1024\" \/>\n\t<meta property=\"og:image:height\" content=\"483\" \/>\n\t<meta property=\"og:image:type\" content=\"image\/png\" \/>\n<meta name=\"twitter:card\" content=\"summary_large_image\" \/>\n<meta name=\"twitter:label1\" content=\"Tahmini okuma s\u00fcresi\" \/>\n\t<meta name=\"twitter:data1\" content=\"1 dakika\" \/>\n<script type=\"application\/ld+json\" class=\"yoast-schema-graph\">{\"@context\":\"https:\\\/\\\/schema.org\",\"@graph\":[{\"@type\":\"WebPage\",\"@id\":\"https:\\\/\\\/www.wints24.de\\\/tr\\\/contact\\\/\",\"url\":\"https:\\\/\\\/www.wints24.de\\\/tr\\\/contact\\\/\",\"name\":\"\u0130leti\u015fim - Wints24\",\"isPartOf\":{\"@id\":\"https:\\\/\\\/www.wints24.de\\\/#website\"},\"datePublished\":\"2024-02-03T18:25:22+00:00\",\"dateModified\":\"2025-01-09T19:20:12+00:00\",\"breadcrumb\":{\"@id\":\"https:\\\/\\\/www.wints24.de\\\/tr\\\/contact\\\/#breadcrumb\"},\"inLanguage\":\"tr\",\"potentialAction\":[{\"@type\":\"ReadAction\",\"target\":[\"https:\\\/\\\/www.wints24.de\\\/tr\\\/contact\\\/\"]}]},{\"@type\":\"BreadcrumbList\",\"@id\":\"https:\\\/\\\/www.wints24.de\\\/tr\\\/contact\\\/#breadcrumb\",\"itemListElement\":[{\"@type\":\"ListItem\",\"position\":1,\"name\":\"Startseite\",\"item\":\"https:\\\/\\\/www.wints24.de\\\/\"},{\"@type\":\"ListItem\",\"position\":2,\"name\":\"\u0130leti\u015fim\"}]},{\"@type\":\"WebSite\",\"@id\":\"https:\\\/\\\/www.wints24.de\\\/#website\",\"url\":\"https:\\\/\\\/www.wints24.de\\\/\",\"name\":\"Wints24\",\"description\":\"Technik in Ihrem Zuhause\",\"publisher\":{\"@id\":\"https:\\\/\\\/www.wints24.de\\\/#organization\"},\"potentialAction\":[{\"@type\":\"SearchAction\",\"target\":{\"@type\":\"EntryPoint\",\"urlTemplate\":\"https:\\\/\\\/www.wints24.de\\\/?s={search_term_string}\"},\"query-input\":{\"@type\":\"PropertyValueSpecification\",\"valueRequired\":true,\"valueName\":\"search_term_string\"}}],\"inLanguage\":\"tr\"},{\"@type\":\"Organization\",\"@id\":\"https:\\\/\\\/www.wints24.de\\\/#organization\",\"name\":\"Wints24\",\"url\":\"https:\\\/\\\/www.wints24.de\\\/\",\"logo\":{\"@type\":\"ImageObject\",\"inLanguage\":\"tr\",\"@id\":\"https:\\\/\\\/www.wints24.de\\\/#\\\/schema\\\/logo\\\/image\\\/\",\"url\":\"https:\\\/\\\/www.wints24.de\\\/wp-content\\\/uploads\\\/2024\\\/03\\\/logo_wint24.png\",\"contentUrl\":\"https:\\\/\\\/www.wints24.de\\\/wp-content\\\/uploads\\\/2024\\\/03\\\/logo_wint24.png\",\"width\":3113,\"height\":1304,\"caption\":\"Wints24\"},\"image\":{\"@id\":\"https:\\\/\\\/www.wints24.de\\\/#\\\/schema\\\/logo\\\/image\\\/\"},\"sameAs\":[\"https:\\\/\\\/www.facebook.com\\\/profile.php?id=100090394972071\",\"https:\\\/\\\/www.instagram.com\\\/wints24\\\/\"]}]}<\/script>\n<!-- \/ Yoast SEO plugin. -->","yoast_head_json":{"title":"\u0130leti\u015fim - Wints24","robots":{"index":"index","follow":"follow","max-snippet":"max-snippet:-1","max-image-preview":"max-image-preview:large","max-video-preview":"max-video-preview:-1"},"canonical":"https:\/\/www.wints24.de\/tr\/contact\/","og_locale":"tr_TR","og_type":"article","og_title":"\u0130leti\u015fim - Wints24","og_url":"https:\/\/www.wints24.de\/tr\/contact\/","og_site_name":"Wints24","article_publisher":"https:\/\/www.facebook.com\/profile.php?id=100090394972071","article_modified_time":"2025-01-09T19:20:12+00:00","og_image":[{"width":1024,"height":483,"url":"https:\/\/www.wints24.de\/wp-content\/uploads\/2025\/01\/Ekran-Resmi-2025-01-12-10.01.47-1024x483.png","type":"image\/png"}],"twitter_card":"summary_large_image","twitter_misc":{"Tahmini okuma s\u00fcresi":"1 dakika"},"schema":{"@context":"https:\/\/schema.org","@graph":[{"@type":"WebPage","@id":"https:\/\/www.wints24.de\/tr\/contact\/","url":"https:\/\/www.wints24.de\/tr\/contact\/","name":"\u0130leti\u015fim - Wints24","isPartOf":{"@id":"https:\/\/www.wints24.de\/#website"},"datePublished":"2024-02-03T18:25:22+00:00","dateModified":"2025-01-09T19:20:12+00:00","breadcrumb":{"@id":"https:\/\/www.wints24.de\/tr\/contact\/#breadcrumb"},"inLanguage":"tr","potentialAction":[{"@type":"ReadAction","target":["https:\/\/www.wints24.de\/tr\/contact\/"]}]},{"@type":"BreadcrumbList","@id":"https:\/\/www.wints24.de\/tr\/contact\/#breadcrumb","itemListElement":[{"@type":"ListItem","position":1,"name":"Startseite","item":"https:\/\/www.wints24.de\/"},{"@type":"ListItem","position":2,"name":"\u0130leti\u015fim"}]},{"@type":"WebSite","@id":"https:\/\/www.wints24.de\/#website","url":"https:\/\/www.wints24.de\/","name":"Wints24","description":"Technik in Ihrem Zuhause","publisher":{"@id":"https:\/\/www.wints24.de\/#organization"},"potentialAction":[{"@type":"SearchAction","target":{"@type":"EntryPoint","urlTemplate":"https:\/\/www.wints24.de\/?s={search_term_string}"},"query-input":{"@type":"PropertyValueSpecification","valueRequired":true,"valueName":"search_term_string"}}],"inLanguage":"tr"},{"@type":"Organization","@id":"https:\/\/www.wints24.de\/#organization","name":"Wints24","url":"https:\/\/www.wints24.de\/","logo":{"@type":"ImageObject","inLanguage":"tr","@id":"https:\/\/www.wints24.de\/#\/schema\/logo\/image\/","url":"https:\/\/www.wints24.de\/wp-content\/uploads\/2024\/03\/logo_wint24.png","contentUrl":"https:\/\/www.wints24.de\/wp-content\/uploads\/2024\/03\/logo_wint24.png","width":3113,"height":1304,"caption":"Wints24"},"image":{"@id":"https:\/\/www.wints24.de\/#\/schema\/logo\/image\/"},"sameAs":["https:\/\/www.facebook.com\/profile.php?id=100090394972071","https:\/\/www.instagram.com\/wints24\/"]}]}},"_links":{"self":[{"href":"https:\/\/www.wints24.de\/tr\/wp-json\/wp\/v2\/pages\/988","targetHints":{"allow":["GET"]}}],"collection":[{"href":"https:\/\/www.wints24.de\/tr\/wp-json\/wp\/v2\/pages"}],"about":[{"href":"https:\/\/www.wints24.de\/tr\/wp-json\/wp\/v2\/types\/page"}],"author":[{"embeddable":true,"href":"https:\/\/www.wints24.de\/tr\/wp-json\/wp\/v2\/users\/1"}],"replies":[{"embeddable":true,"href":"https:\/\/www.wints24.de\/tr\/wp-json\/wp\/v2\/comments?post=988"}],"version-history":[{"count":5,"href":"https:\/\/www.wints24.de\/tr\/wp-json\/wp\/v2\/pages\/988\/revisions"}],"predecessor-version":[{"id":2045,"href":"https:\/\/www.wints24.de\/tr\/wp-json\/wp\/v2\/pages\/988\/revisions\/2045"}],"wp:attachment":[{"href":"https:\/\/www.wints24.de\/tr\/wp-json\/wp\/v2\/media?parent=988"}],"curies":[{"name":"wp","href":"https:\/\/api.w.org\/{rel}","templated":true}]}}